{"id":96,"date":"2021-07-07T05:57:38","date_gmt":"2021-07-07T05:57:38","guid":{"rendered":"https:\/\/ejbypasningsordning.dk\/?page_id=96"},"modified":"2024-05-18T19:14:15","modified_gmt":"2024-05-18T19:14:15","slug":"maalsaetning","status":"publish","type":"page","link":"https:\/\/ejbypasningsordning.dk\/index.php\/maalsaetning\/","title":{"rendered":"M\u00e5ls\u00e6tning"},"content":{"rendered":"\n<div class=\"wp-block-columns is-layout-flex wp-container-core-columns-is-layout-9d6595d7 wp-block-columns-is-layout-flex\">\n<div class=\"wp-block-column is-layout-flow wp-block-column-is-layout-flow\">\n<p>Jeg arbejder med udgangspunkt i en tryg og rolig hverdag, hvor b\u00f8rnene stimuleres ud fra den alder, de har. Hos mig er der en glad og varm stemning i huset, og b\u00f8rnene f\u00e5r masser af knus og kram.<\/p>\n\n\n\n<p>Det er min holdning, at det er vigtigt at komme ud hver dag. Det er med til at styrke b\u00f8rnenes motorik og sanser, og yderligere mener jeg, at det er vigtigt for b\u00f8rnenes opv\u00e6kst, at de f\u00e5r lov til at lege med mudder, r\u00f8re ved marieh\u00f8ns, grave i haven osv.<\/p>\n<\/div>\n\n\n\n<div class=\"wp-block-column is-layout-flow wp-block-column-is-layout-flow\"><div class=\"wp-block-image\">\n<figure class=\"aligncenter size-large\"><img loading=\"lazy\" decoding=\"async\" width=\"897\" height=\"682\" src=\"https:\/\/ejbypasningsordning.dk\/wp-content\/uploads\/2021\/07\/Med-hoene-3.jpg\" alt=\"\" class=\"wp-image-215\" srcset=\"https:\/\/ejbypasningsordning.dk\/wp-content\/uploads\/2021\/07\/Med-hoene-3.jpg 897w, https:\/\/ejbypasningsordning.dk\/wp-content\/uploads\/2021\/07\/Med-hoene-3-300x228.jpg 300w, https:\/\/ejbypasningsordning.dk\/wp-content\/uploads\/2021\/07\/Med-hoene-3-768x584.jpg 768w\" sizes=\"auto, (max-width: 897px) 100vw, 897px\" \/><\/figure>\n<\/div><\/div>\n<\/div>\n\n\n\n<div class=\"wp-block-columns is-layout-flex wp-container-core-columns-is-layout-9d6595d7 wp-block-columns-is-layout-flex\">\n<div class=\"wp-block-column is-layout-flow wp-block-column-is-layout-flow\">\n<figure class=\"wp-block-image size-large is-resized\"><img loading=\"lazy\" decoding=\"async\" width=\"679\" height=\"783\" src=\"https:\/\/ejbypasningsordning.dk\/wp-content\/uploads\/2021\/07\/Samler-sten.png\" alt=\"\" class=\"wp-image-220\" style=\"width:340px;height:392px\" srcset=\"https:\/\/ejbypasningsordning.dk\/wp-content\/uploads\/2021\/07\/Samler-sten.png 679w, https:\/\/ejbypasningsordning.dk\/wp-content\/uploads\/2021\/07\/Samler-sten-260x300.png 260w\" sizes=\"auto, (max-width: 679px) 100vw, 679px\" \/><\/figure>\n<\/div>\n\n\n\n<div class=\"wp-block-column is-layout-flow wp-block-column-is-layout-flow\">\n<p>En anden fast daglig aktivitet, som b\u00f8rnene elsker, er at sidde sammen og l\u00e6se en bog.<\/p>\n\n\n\n<p>Jeg bringer kreativitet ind i dagligdagen ved bl.a. at g\u00e5 til stranden med b\u00f8rnene, hvor vi finder sten, der males og bindes p\u00e5 snore, ligesom vi ogs\u00e5 g\u00e5r i skoven og finder blade til plancher.<\/p>\n\n\n\n<p>Et m\u00e5l er ogs\u00e5, at g\u00f8re b\u00f8rnene klar til at komme i b\u00f8rnehave. Det vil bl.a. sige, at l\u00e6re at tage t\u00f8j og sko p\u00e5 selv, at kunne h\u00e5ndtere spisesituationer og \u00f8ve sig i at blive siddende under m\u00e5ltiderne.<\/p>\n<\/div>\n<\/div>\n\n\n\n<div class=\"wp-block-columns is-layout-flex wp-container-core-columns-is-layout-9d6595d7 wp-block-columns-is-layout-flex\">\n<div class=\"wp-block-column is-layout-flow wp-block-column-is-layout-flow\">\n<p>B\u00f8rnene l\u00e6rer at kunne omg\u00e5s st\u00f8rre grupper af b\u00f8rn, ved at jeg m\u00f8des med mine kolleger og laver forskellige aktiviteter. Her ud over tager jeg j\u00e6vnligt p\u00e5 bes\u00f8g i de n\u00e6rliggende b\u00f8rnehaver.<\/p>\n\n\n\n<p>I forhold til for\u00e6ldrene s\u00e6tter jeg \u00e5ben og \u00e6rlig kommunikation h\u00f8jt, og jeg har en klar m\u00e5ls\u00e6tning om, at for\u00e6ldrene skal v\u00e6re tilfredse og trygge ved at have deres barn hos mig. S\u00e5 har man noget p\u00e5 hjertet, kan vi altid tage en snak om det.<\/p>\n<\/div>\n\n\n\n<div class=\"wp-block-column is-layout-flow wp-block-column-is-layout-flow\">\n<figure class=\"wp-block-image size-large\"><img loading=\"lazy\" decoding=\"async\" width=\"557\" height=\"390\" src=\"https:\/\/ejbypasningsordning.dk\/wp-content\/uploads\/2021\/07\/I-have-1-1.jpg\" alt=\"\" class=\"wp-image-214\" srcset=\"https:\/\/ejbypasningsordning.dk\/wp-content\/uploads\/2021\/07\/I-have-1-1.jpg 557w, https:\/\/ejbypasningsordning.dk\/wp-content\/uploads\/2021\/07\/I-have-1-1-300x210.jpg 300w\" sizes=\"auto, (max-width: 557px) 100vw, 557px\" \/><\/figure>\n<\/div>\n<\/div>\n\n\n\n<figure class=\"wp-block-image size-large is-resized\"><img loading=\"lazy\" decoding=\"async\" width=\"1024\" height=\"386\" src=\"https:\/\/ejbypasningsordning.dk\/wp-content\/uploads\/2023\/02\/GoenneSpirer-1024x386.png\" alt=\"\" class=\"wp-image-343\" style=\"width:507px;height:191px\" srcset=\"https:\/\/ejbypasningsordning.dk\/wp-content\/uploads\/2023\/02\/GoenneSpirer-1024x386.png 1024w, https:\/\/ejbypasningsordning.dk\/wp-content\/uploads\/2023\/02\/GoenneSpirer-300x113.png 300w, https:\/\/ejbypasningsordning.dk\/wp-content\/uploads\/2023\/02\/GoenneSpirer-768x289.png 768w, https:\/\/ejbypasningsordning.dk\/wp-content\/uploads\/2023\/02\/GoenneSpirer-1536x578.png 1536w, https:\/\/ejbypasningsordning.dk\/wp-content\/uploads\/2023\/02\/GoenneSpirer.png 1920w\" sizes=\"auto, (max-width: 1024px) 100vw, 1024px\" \/><\/figure>\n","protected":false},"excerpt":{"rendered":"<p>Jeg arbejder med udgangspunkt i en tryg og rolig hverdag, hvor b\u00f8rnene stimuleres ud fra den alder, de har. Hos &hellip; <a href=\"https:\/\/ejbypasningsordning.dk\/index.php\/maalsaetning\/\" class=\"more-link\"><span class=\"more-button\">Continue Reading<span class=\"screen-reader-text\">M\u00e5ls\u00e6tning<\/span><\/span><\/a><\/p>\n","protected":false},"author":1,"featured_media":0,"parent":0,"menu_order":0,"comment_status":"closed","ping_status":"closed","template":"","meta":{"footnotes":""},"class_list":["post-96","page","type-page","status-publish","hentry"],"_links":{"self":[{"href":"https:\/\/ejbypasningsordning.dk\/index.php\/wp-json\/wp\/v2\/pages\/96","targetHints":{"allow":["GET"]}}],"collection":[{"href":"https:\/\/ejbypasningsordning.dk\/index.php\/wp-json\/wp\/v2\/pages"}],"about":[{"href":"https:\/\/ejbypasningsordning.dk\/index.php\/wp-json\/wp\/v2\/types\/page"}],"author":[{"embeddable":true,"href":"https:\/\/ejbypasningsordning.dk\/index.php\/wp-json\/wp\/v2\/users\/1"}],"replies":[{"embeddable":true,"href":"https:\/\/ejbypasningsordning.dk\/index.php\/wp-json\/wp\/v2\/comments?post=96"}],"version-history":[{"count":6,"href":"https:\/\/ejbypasningsordning.dk\/index.php\/wp-json\/wp\/v2\/pages\/96\/revisions"}],"predecessor-version":[{"id":374,"href":"https:\/\/ejbypasningsordning.dk\/index.php\/wp-json\/wp\/v2\/pages\/96\/revisions\/374"}],"wp:attachment":[{"href":"https:\/\/ejbypasningsordning.dk\/index.php\/wp-json\/wp\/v2\/media?parent=96"}],"curies":[{"name":"wp","href":"https:\/\/api.w.org\/{rel}","templated":true}]}}