{"id":191,"date":"2021-07-13T17:41:16","date_gmt":"2021-07-13T17:41:16","guid":{"rendered":"https:\/\/ejbypasningsordning.dk\/?page_id=191"},"modified":"2021-07-14T19:49:31","modified_gmt":"2021-07-14T19:49:31","slug":"klar-til-pasning","status":"publish","type":"page","link":"https:\/\/ejbypasningsordning.dk\/index.php\/klar-til-pasning\/","title":{"rendered":"Klar til pasning"},"content":{"rendered":"\n<div class=\"wp-block-columns is-layout-flex wp-container-core-columns-is-layout-9d6595d7 wp-block-columns-is-layout-flex\">\n<div class=\"wp-block-column is-layout-flow wp-block-column-is-layout-flow\" style=\"flex-basis:100%\">\n<div class=\"wp-block-columns is-layout-flex wp-container-core-columns-is-layout-9d6595d7 wp-block-columns-is-layout-flex\">\n<div class=\"wp-block-column is-layout-flow wp-block-column-is-layout-flow\" style=\"flex-basis:100%\">\n<div class=\"wp-block-columns is-layout-flex wp-container-core-columns-is-layout-9d6595d7 wp-block-columns-is-layout-flex\">\n<div class=\"wp-block-column is-layout-flow wp-block-column-is-layout-flow\" style=\"flex-basis:66.66%\">\n<p id=\"block-9a5a4e9b-b0c7-4bec-a8cf-76ee0f45f929\">Der er nogle ting som i skal medbringe, n\u00e5r jeres barn bliver passet hos mig. Det er<\/p>\n\n\n\n<ul class=\"wp-block-list\" id=\"block-c0ad0660-61a3-49e1-b9e5-fa4f688471e3\"><li>Overt\u00f8j, skiftet\u00f8j, fodt\u00f8j &#8211; indend\u00f8rs og udend\u00f8rs, og efter \u00e5rstiden<\/li><li>Sutter, sutteklud, sovedyr &#8211; hvis barnet har behov for det<\/li><li>Bleer<\/li><li>Solcreme<\/li><li>Specialkost, hvis der er specielle behov<\/li><\/ul>\n\n\n\n<p id=\"block-7e31d329-edd8-47b0-b977-9c66624db820\">Jeg opbevarer dyne og pude t\u00f8rt og varmt hele \u00e5ret rundt.<\/p>\n\n\n\n<p id=\"block-bfcf1928-d961-4074-ac84-f14e84f26a2e\">Vores hjem er et ikke-ryger hjem &#8211; hvilket ogs\u00e5 g\u00e6lder i fritiden.<\/p>\n\n\n\n<p id=\"block-30987bb0-c02c-46fd-8b7d-81eb28323b37\">Jeg har v\u00e6ret p\u00e5 sm\u00e5b\u00f8rns f\u00f8rstehj\u00e6lpskursus.<\/p>\n<\/div>\n\n\n\n<div class=\"wp-block-column is-layout-flow wp-block-column-is-layout-flow\" style=\"flex-basis:33.33%\">\n<figure class=\"wp-block-image size-large\"><img loading=\"lazy\" decoding=\"async\" width=\"751\" height=\"1024\" src=\"https:\/\/ejbypasningsordning.dk\/wp-content\/uploads\/2021\/07\/Med-hoene-2-751x1024.jpg\" alt=\"\" class=\"wp-image-77\" srcset=\"https:\/\/ejbypasningsordning.dk\/wp-content\/uploads\/2021\/07\/Med-hoene-2-751x1024.jpg 751w, https:\/\/ejbypasningsordning.dk\/wp-content\/uploads\/2021\/07\/Med-hoene-2-220x300.jpg 220w, https:\/\/ejbypasningsordning.dk\/wp-content\/uploads\/2021\/07\/Med-hoene-2-768x1047.jpg 768w, https:\/\/ejbypasningsordning.dk\/wp-content\/uploads\/2021\/07\/Med-hoene-2-1127x1536.jpg 1127w, https:\/\/ejbypasningsordning.dk\/wp-content\/uploads\/2021\/07\/Med-hoene-2-1503x2048.jpg 1503w, https:\/\/ejbypasningsordning.dk\/wp-content\/uploads\/2021\/07\/Med-hoene-2-1568x2137.jpg 1568w, https:\/\/ejbypasningsordning.dk\/wp-content\/uploads\/2021\/07\/Med-hoene-2-scaled.jpg 1878w\" sizes=\"auto, (max-width: 751px) 100vw, 751px\" \/><\/figure>\n<\/div>\n<\/div>\n<\/div>\n<\/div>\n<\/div>\n<\/div>\n\n\n\n<h2 class=\"wp-block-heading\"><canvas width=\"79\" height=\"39\"><\/canvas><canvas width=\"76\" height=\"39\"><\/canvas><\/h2>\n\n\n\n<p><\/p>\n","protected":false},"excerpt":{"rendered":"<p>Der er nogle ting som i skal medbringe, n\u00e5r jeres barn bliver passet hos mig. Det er Overt\u00f8j, skiftet\u00f8j, fodt\u00f8j &hellip; <a href=\"https:\/\/ejbypasningsordning.dk\/index.php\/klar-til-pasning\/\" class=\"more-link\"><span class=\"more-button\">Continue Reading<span class=\"screen-reader-text\">Klar til pasning<\/span><\/span><\/a><\/p>\n","protected":false},"author":1,"featured_media":0,"parent":0,"menu_order":0,"comment_status":"closed","ping_status":"closed","template":"","meta":{"footnotes":""},"class_list":["post-191","page","type-page","status-publish","hentry"],"_links":{"self":[{"href":"https:\/\/ejbypasningsordning.dk\/index.php\/wp-json\/wp\/v2\/pages\/191","targetHints":{"allow":["GET"]}}],"collection":[{"href":"https:\/\/ejbypasningsordning.dk\/index.php\/wp-json\/wp\/v2\/pages"}],"about":[{"href":"https:\/\/ejbypasningsordning.dk\/index.php\/wp-json\/wp\/v2\/types\/page"}],"author":[{"embeddable":true,"href":"https:\/\/ejbypasningsordning.dk\/index.php\/wp-json\/wp\/v2\/users\/1"}],"replies":[{"embeddable":true,"href":"https:\/\/ejbypasningsordning.dk\/index.php\/wp-json\/wp\/v2\/comments?post=191"}],"version-history":[{"count":9,"href":"https:\/\/ejbypasningsordning.dk\/index.php\/wp-json\/wp\/v2\/pages\/191\/revisions"}],"predecessor-version":[{"id":258,"href":"https:\/\/ejbypasningsordning.dk\/index.php\/wp-json\/wp\/v2\/pages\/191\/revisions\/258"}],"wp:attachment":[{"href":"https:\/\/ejbypasningsordning.dk\/index.php\/wp-json\/wp\/v2\/media?parent=191"}],"curies":[{"name":"wp","href":"https:\/\/api.w.org\/{rel}","templated":true}]}}