{"id":179,"date":"2021-07-13T17:24:27","date_gmt":"2021-07-13T17:24:27","guid":{"rendered":"https:\/\/ejbypasningsordning.dk\/?page_id=179"},"modified":"2026-03-07T14:00:26","modified_gmt":"2026-03-07T14:00:26","slug":"priser","status":"publish","type":"page","link":"https:\/\/ejbypasningsordning.dk\/index.php\/priser\/","title":{"rendered":"Priser"},"content":{"rendered":"\n<p>FuldtidspladsEn fuldtidsplads p\u00e5 45 1\/4 timer koster 3.025 kr. om m\u00e5neden i for\u00e6ldrebetaling (2026). Det fulde bel\u00f8b p\u00e5 kr. 11.093 om m\u00e5neden betales af jer til mig m\u00e5nedsvis forud, og kommunen betaler tilskuddet p\u00e5 kr. 8.068 (sats for Lejre kommune) til jer ogs\u00e5 forud. Der betales alle 12 m\u00e5neder om \u00e5ret.<\/p>\n\n\n\n<p>Ved deltidsplads p\u00e5 32 timer betales der kr. 2.139 i for\u00e6ldrebetaling (2026). Det fulde bel\u00f8b p\u00e5 kr. 10.207 om m\u00e5neden betales af jer til mig m\u00e5nedsvis forud, og kommunen betaler tilskuddet p\u00e5 kr. 8.068 (sats for Lejre kommune) til jer ogs\u00e5 forud. Der betales alle 12 m\u00e5neder om \u00e5ret.<\/p>\n\n\n\n<p>Inden opstart, skal i som for\u00e6ldre g\u00e5 ind p\u00e5 kommunens hjemmeside under pladsanvisning og skrive jeres barn op til en kommunal plads, selvom i v\u00e6lger en privat pasningsordning. I kommentarfeltet p\u00e5 den onlineformular der skal udfyldes, skal i skrive, at i v\u00e6lger privat pasning.<\/p>\n\n\n\n<p>Her ud over skal i ogs\u00e5 selv huske at s\u00f8ge tilskud til pasning af barnet via kommunens hjemmeside. <\/p>\n\n\n\n<p>Der ydes s\u00f8skenderabat efter samme regler som i det kommunale system.<\/p>\n\n\n\n<p><\/p>\n\n\n\n<p>Opsigelse:<\/p>\n\n\n\n<p>En plads kan opsiges skriftligt med en m\u00e5neds varsel af b\u00e5de for\u00e6ldre og b\u00f8rnepasser. Dog med kortere varsel, hvis for\u00e6ldre og b\u00f8rnepasser er enige herom.<\/p>\n\n\n\n<p>Ved manglende betaling kan pasningsaftalen opsiges uden varsel.<\/p>\n","protected":false},"excerpt":{"rendered":"<p>FuldtidspladsEn fuldtidsplads p\u00e5 45 1\/4 timer koster 3.025 kr. om m\u00e5neden i for\u00e6ldrebetaling (2026). Det fulde bel\u00f8b p\u00e5 kr. 11.093 &hellip; <a href=\"https:\/\/ejbypasningsordning.dk\/index.php\/priser\/\" class=\"more-link\"><span class=\"more-button\">Continue Reading<span class=\"screen-reader-text\">Priser<\/span><\/span><\/a><\/p>\n","protected":false},"author":1,"featured_media":0,"parent":0,"menu_order":0,"comment_status":"closed","ping_status":"closed","template":"","meta":{"footnotes":""},"class_list":["post-179","page","type-page","status-publish","hentry"],"_links":{"self":[{"href":"https:\/\/ejbypasningsordning.dk\/index.php\/wp-json\/wp\/v2\/pages\/179","targetHints":{"allow":["GET"]}}],"collection":[{"href":"https:\/\/ejbypasningsordning.dk\/index.php\/wp-json\/wp\/v2\/pages"}],"about":[{"href":"https:\/\/ejbypasningsordning.dk\/index.php\/wp-json\/wp\/v2\/types\/page"}],"author":[{"embeddable":true,"href":"https:\/\/ejbypasningsordning.dk\/index.php\/wp-json\/wp\/v2\/users\/1"}],"replies":[{"embeddable":true,"href":"https:\/\/ejbypasningsordning.dk\/index.php\/wp-json\/wp\/v2\/comments?post=179"}],"version-history":[{"count":18,"href":"https:\/\/ejbypasningsordning.dk\/index.php\/wp-json\/wp\/v2\/pages\/179\/revisions"}],"predecessor-version":[{"id":414,"href":"https:\/\/ejbypasningsordning.dk\/index.php\/wp-json\/wp\/v2\/pages\/179\/revisions\/414"}],"wp:attachment":[{"href":"https:\/\/ejbypasningsordning.dk\/index.php\/wp-json\/wp\/v2\/media?parent=179"}],"curies":[{"name":"wp","href":"https:\/\/api.w.org\/{rel}","templated":true}]}}