{"id":143,"date":"2021-07-13T05:47:44","date_gmt":"2021-07-13T05:47:44","guid":{"rendered":"https:\/\/ejbypasningsordning.dk\/?page_id=143"},"modified":"2026-01-04T12:59:52","modified_gmt":"2026-01-04T12:59:52","slug":"ferie-og-lukkedage","status":"publish","type":"page","link":"https:\/\/ejbypasningsordning.dk\/index.php\/ferie-og-lukkedage\/","title":{"rendered":"Ferie og lukkedage"},"content":{"rendered":"\n<p>Jeg l\u00e6gger altid min ferie, s\u00e5 den er til mindst gene, dvs. i forbindelse med skolernes ferier. Og alt ferie og lukkedage bliver meldt ud i god tid, s\u00e5 i som for\u00e6ldre har god tid til at planl\u00e6gge ud fra det.<\/p>\n\n\n\n<p>Planlagt ferie og lukkedage (ud over helligdage):<\/p>\n\n\n\n<p>2026<\/p>\n\n\n\n<ul class=\"wp-block-list\">\n<li>Vinterferie: Uge 8<\/li>\n\n\n\n<li>P\u00e5ske: 28. marts &#8211; 6. april (begge dage inklusiv)<\/li>\n\n\n\n<li>15. maj (fredag efter Kristi Himmelfart)<\/li>\n\n\n\n<li>5. juni (Grundlovsdag)<\/li>\n\n\n\n<li>Sommerferie: Uge 29, 30, 31<\/li>\n<\/ul>\n\n\n\n<p><\/p>\n","protected":false},"excerpt":{"rendered":"<p>Jeg l\u00e6gger altid min ferie, s\u00e5 den er til mindst gene, dvs. i forbindelse med skolernes ferier. Og alt ferie &hellip; <a href=\"https:\/\/ejbypasningsordning.dk\/index.php\/ferie-og-lukkedage\/\" class=\"more-link\"><span class=\"more-button\">Continue Reading<span class=\"screen-reader-text\">Ferie og lukkedage<\/span><\/span><\/a><\/p>\n","protected":false},"author":1,"featured_media":0,"parent":0,"menu_order":0,"comment_status":"closed","ping_status":"closed","template":"","meta":{"footnotes":""},"class_list":["post-143","page","type-page","status-publish","hentry"],"_links":{"self":[{"href":"https:\/\/ejbypasningsordning.dk\/index.php\/wp-json\/wp\/v2\/pages\/143","targetHints":{"allow":["GET"]}}],"collection":[{"href":"https:\/\/ejbypasningsordning.dk\/index.php\/wp-json\/wp\/v2\/pages"}],"about":[{"href":"https:\/\/ejbypasningsordning.dk\/index.php\/wp-json\/wp\/v2\/types\/page"}],"author":[{"embeddable":true,"href":"https:\/\/ejbypasningsordning.dk\/index.php\/wp-json\/wp\/v2\/users\/1"}],"replies":[{"embeddable":true,"href":"https:\/\/ejbypasningsordning.dk\/index.php\/wp-json\/wp\/v2\/comments?post=143"}],"version-history":[{"count":21,"href":"https:\/\/ejbypasningsordning.dk\/index.php\/wp-json\/wp\/v2\/pages\/143\/revisions"}],"predecessor-version":[{"id":400,"href":"https:\/\/ejbypasningsordning.dk\/index.php\/wp-json\/wp\/v2\/pages\/143\/revisions\/400"}],"wp:attachment":[{"href":"https:\/\/ejbypasningsordning.dk\/index.php\/wp-json\/wp\/v2\/media?parent=143"}],"curies":[{"name":"wp","href":"https:\/\/api.w.org\/{rel}","templated":true}]}}