{"id":107,"date":"2021-07-08T07:58:32","date_gmt":"2021-07-08T07:58:32","guid":{"rendered":"https:\/\/ejbypasningsordning.dk\/?page_id=107"},"modified":"2023-08-13T15:29:06","modified_gmt":"2023-08-13T15:29:06","slug":"kost-og-maaltider","status":"publish","type":"page","link":"https:\/\/ejbypasningsordning.dk\/index.php\/kost-og-maaltider\/","title":{"rendered":"Kost og m\u00e5ltider"},"content":{"rendered":"\n<div class=\"wp-block-columns is-layout-flex wp-container-core-columns-is-layout-9d6595d7 wp-block-columns-is-layout-flex\">\n<div class=\"wp-block-column is-layout-flow wp-block-column-is-layout-flow\" style=\"flex-basis:66.66%\">\n<p id=\"block-2007d783-a89a-41f2-8f17-1997d21ca783\">Alle m\u00e5ltider tilpasses b\u00f8rnenes behov.<\/p>\n\n\n\n<p id=\"block-d0dfb5a0-b4ad-46b9-a5a0-aa0ac03b77b0\">Der bliver serveret m\u00e6lk og\/eller vand til m\u00e5ltiderne samt vand i l\u00f8bet af dagen.<\/p>\n\n\n\n<p id=\"block-4bec748c-e0b9-4cb2-a51b-ef59c8cb0477\">Frem til kl. 8.00 er der morgenmad best\u00e5ende af havregryn, havregr\u00f8d og br\u00f8d.<\/p>\n\n\n\n<p id=\"block-10b4dda0-e568-4386-a9ef-eabd112fc7ee\">Formiddagsmad omkring kl. 9 best\u00e5enden af grovboller og frugt.<\/p>\n\n\n\n<p id=\"block-4ea23104-0486-43a9-8ecf-d13716dda595\">Frokost kl. 11 \u2013 11.30 best\u00e5ende af rugbr\u00f8d med forskelligt p\u00e5l\u00e6g samt gr\u00f8nsager.<\/p>\n\n\n\n<p id=\"block-cc79620f-a0e3-44c0-a137-007eea859d5a\">Eftermiddagsmad kl. 14-15 best\u00e5ende af grovboller og frugt.<\/p>\n<\/div>\n\n\n\n<div class=\"wp-block-column is-layout-flow wp-block-column-is-layout-flow\" style=\"flex-basis:33.33%\">\n<figure class=\"wp-block-image size-large\"><img loading=\"lazy\" decoding=\"async\" width=\"1024\" height=\"683\" src=\"https:\/\/ejbypasningsordning.dk\/wp-content\/uploads\/2021\/07\/Aeble-1024x683.jpg\" alt=\"\" class=\"wp-image-170\" srcset=\"https:\/\/ejbypasningsordning.dk\/wp-content\/uploads\/2021\/07\/Aeble-1024x683.jpg 1024w, https:\/\/ejbypasningsordning.dk\/wp-content\/uploads\/2021\/07\/Aeble-300x200.jpg 300w, https:\/\/ejbypasningsordning.dk\/wp-content\/uploads\/2021\/07\/Aeble-768x512.jpg 768w, https:\/\/ejbypasningsordning.dk\/wp-content\/uploads\/2021\/07\/Aeble-960x640.jpg 960w, https:\/\/ejbypasningsordning.dk\/wp-content\/uploads\/2021\/07\/Aeble.jpg 1240w\" sizes=\"auto, (max-width: 1024px) 100vw, 1024px\" \/><\/figure>\n<\/div>\n<\/div>\n\n\n\n<p><\/p>\n","protected":false},"excerpt":{"rendered":"<p>Alle m\u00e5ltider tilpasses b\u00f8rnenes behov. Der bliver serveret m\u00e6lk og\/eller vand til m\u00e5ltiderne samt vand i l\u00f8bet af dagen. Frem &hellip; <a href=\"https:\/\/ejbypasningsordning.dk\/index.php\/kost-og-maaltider\/\" class=\"more-link\"><span class=\"more-button\">Continue Reading<span class=\"screen-reader-text\">Kost og m\u00e5ltider<\/span><\/span><\/a><\/p>\n","protected":false},"author":1,"featured_media":0,"parent":0,"menu_order":0,"comment_status":"closed","ping_status":"closed","template":"","meta":{"footnotes":""},"class_list":["post-107","page","type-page","status-publish","hentry"],"_links":{"self":[{"href":"https:\/\/ejbypasningsordning.dk\/index.php\/wp-json\/wp\/v2\/pages\/107","targetHints":{"allow":["GET"]}}],"collection":[{"href":"https:\/\/ejbypasningsordning.dk\/index.php\/wp-json\/wp\/v2\/pages"}],"about":[{"href":"https:\/\/ejbypasningsordning.dk\/index.php\/wp-json\/wp\/v2\/types\/page"}],"author":[{"embeddable":true,"href":"https:\/\/ejbypasningsordning.dk\/index.php\/wp-json\/wp\/v2\/users\/1"}],"replies":[{"embeddable":true,"href":"https:\/\/ejbypasningsordning.dk\/index.php\/wp-json\/wp\/v2\/comments?post=107"}],"version-history":[{"count":9,"href":"https:\/\/ejbypasningsordning.dk\/index.php\/wp-json\/wp\/v2\/pages\/107\/revisions"}],"predecessor-version":[{"id":356,"href":"https:\/\/ejbypasningsordning.dk\/index.php\/wp-json\/wp\/v2\/pages\/107\/revisions\/356"}],"wp:attachment":[{"href":"https:\/\/ejbypasningsordning.dk\/index.php\/wp-json\/wp\/v2\/media?parent=107"}],"curies":[{"name":"wp","href":"https:\/\/api.w.org\/{rel}","templated":true}]}}