{"id":105,"date":"2021-07-08T07:58:04","date_gmt":"2021-07-08T07:58:04","guid":{"rendered":"https:\/\/ejbypasningsordning.dk\/?page_id=105"},"modified":"2024-05-18T19:14:57","modified_gmt":"2024-05-18T19:14:57","slug":"naeromraadet","status":"publish","type":"page","link":"https:\/\/ejbypasningsordning.dk\/index.php\/naeromraadet\/","title":{"rendered":"N\u00e6romr\u00e5det"},"content":{"rendered":"\n<div class=\"wp-block-columns is-layout-flex wp-container-core-columns-is-layout-9d6595d7 wp-block-columns-is-layout-flex\">\n<div class=\"wp-block-column is-layout-flow wp-block-column-is-layout-flow\">\n<p>Ejby-omr\u00e5det er et natursk\u00f8nt omr\u00e5de. Jeg bor i g\u00e5afstand til skov, strand, marker og g\u00e5rde, og de skiftende \u00e5rstider byder p\u00e5 oplevelser for b\u00f8rnene.<\/p>\n\n\n\n<p>Vi g\u00e5r over og ser k\u00f8erne og hestene p\u00e5 marken, og til stranden og finder skaller og kaster sten i vandet. I skoven finder vi kriblende sm\u00e5dyr og sjove planter og ruller os i bladene om efter\u00e5ret.<\/p>\n<\/div>\n\n\n\n<div class=\"wp-block-column is-layout-flow wp-block-column-is-layout-flow\">\n<figure class=\"wp-block-image size-large\"><img loading=\"lazy\" decoding=\"async\" width=\"679\" height=\"783\" src=\"https:\/\/ejbypasningsordning.dk\/wp-content\/uploads\/2021\/07\/Samler-sten.png\" alt=\"\" class=\"wp-image-220\" srcset=\"https:\/\/ejbypasningsordning.dk\/wp-content\/uploads\/2021\/07\/Samler-sten.png 679w, https:\/\/ejbypasningsordning.dk\/wp-content\/uploads\/2021\/07\/Samler-sten-260x300.png 260w\" sizes=\"auto, (max-width: 679px) 100vw, 679px\" \/><\/figure>\n<\/div>\n<\/div>\n\n\n\n<div class=\"wp-block-columns is-layout-flex wp-container-core-columns-is-layout-9d6595d7 wp-block-columns-is-layout-flex\">\n<div class=\"wp-block-column is-layout-flow wp-block-column-is-layout-flow\"><\/div>\n\n\n\n<div class=\"wp-block-column is-layout-flow wp-block-column-is-layout-flow\"><\/div>\n<\/div>\n\n\n\n<div class=\"wp-block-columns is-layout-flex wp-container-core-columns-is-layout-9d6595d7 wp-block-columns-is-layout-flex\">\n<div class=\"wp-block-column is-layout-flow wp-block-column-is-layout-flow\"><\/div>\n\n\n\n<div class=\"wp-block-column is-layout-flow wp-block-column-is-layout-flow\"><\/div>\n<\/div>\n\n\n\n<p><\/p>\n","protected":false},"excerpt":{"rendered":"<p>Ejby-omr\u00e5det er et natursk\u00f8nt omr\u00e5de. Jeg bor i g\u00e5afstand til skov, strand, marker og g\u00e5rde, og de skiftende \u00e5rstider byder &hellip; <a href=\"https:\/\/ejbypasningsordning.dk\/index.php\/naeromraadet\/\" class=\"more-link\"><span class=\"more-button\">Continue Reading<span class=\"screen-reader-text\">N\u00e6romr\u00e5det<\/span><\/span><\/a><\/p>\n","protected":false},"author":1,"featured_media":0,"parent":0,"menu_order":0,"comment_status":"closed","ping_status":"closed","template":"","meta":{"footnotes":""},"class_list":["post-105","page","type-page","status-publish","hentry"],"_links":{"self":[{"href":"https:\/\/ejbypasningsordning.dk\/index.php\/wp-json\/wp\/v2\/pages\/105","targetHints":{"allow":["GET"]}}],"collection":[{"href":"https:\/\/ejbypasningsordning.dk\/index.php\/wp-json\/wp\/v2\/pages"}],"about":[{"href":"https:\/\/ejbypasningsordning.dk\/index.php\/wp-json\/wp\/v2\/types\/page"}],"author":[{"embeddable":true,"href":"https:\/\/ejbypasningsordning.dk\/index.php\/wp-json\/wp\/v2\/users\/1"}],"replies":[{"embeddable":true,"href":"https:\/\/ejbypasningsordning.dk\/index.php\/wp-json\/wp\/v2\/comments?post=105"}],"version-history":[{"count":6,"href":"https:\/\/ejbypasningsordning.dk\/index.php\/wp-json\/wp\/v2\/pages\/105\/revisions"}],"predecessor-version":[{"id":375,"href":"https:\/\/ejbypasningsordning.dk\/index.php\/wp-json\/wp\/v2\/pages\/105\/revisions\/375"}],"wp:attachment":[{"href":"https:\/\/ejbypasningsordning.dk\/index.php\/wp-json\/wp\/v2\/media?parent=105"}],"curies":[{"name":"wp","href":"https:\/\/api.w.org\/{rel}","templated":true}]}}