{"id":101,"date":"2021-07-08T07:54:40","date_gmt":"2021-07-08T07:54:40","guid":{"rendered":"https:\/\/ejbypasningsordning.dk\/?page_id=101"},"modified":"2024-05-18T19:13:14","modified_gmt":"2024-05-18T19:13:14","slug":"hverdagen","status":"publish","type":"page","link":"https:\/\/ejbypasningsordning.dk\/index.php\/hverdagen\/","title":{"rendered":"Hverdagen"},"content":{"rendered":"\n<div class=\"wp-block-columns is-layout-flex wp-container-core-columns-is-layout-9d6595d7 wp-block-columns-is-layout-flex\">\n<div class=\"wp-block-column is-layout-flow wp-block-column-is-layout-flow\">\n<p>B\u00f8rnene kommer som hovedregel mellem kl. 6.45 og kl. 9, og for dem der kommer inden kl. 8 er der morgenmad. Vi l\u00e6ser b\u00f8ger, tegner og leger frem til kl. 9, hvor vi spiser formiddagsmad. <\/p>\n\n\n\n<p>Derefter er vi i haven, g\u00e5r ud i naturen eller bes\u00f8ger kolleger og de b\u00f8rn de passer.<\/p>\n\n\n\n<p>Efter frokost, der spises mellem kl. 11 og kl. 11.30, sover b\u00f8rnene. N\u00e5r de v\u00e5gner fra deres eftermiddagslur, f\u00e5r vi eftermiddagsmad mellem kl. 14 og kl. 15, og vi leger herefter enten inde i huset eller er ude i haven.<\/p>\n\n\n\n<p>I husets forgang h\u00e6nger en tavle, hvor for\u00e6ldrene kan orientere sig om ugens aktiviteter.<\/p>\n\n\n\n<p>Vi bruger meget tid udend\u00f8rs i haven og naturen.<\/p>\n<\/div>\n\n\n\n<div class=\"wp-block-column is-layout-flow wp-block-column-is-layout-flow\">\n<figure class=\"wp-block-image size-large\"><img loading=\"lazy\" decoding=\"async\" width=\"704\" height=\"472\" src=\"https:\/\/ejbypasningsordning.dk\/wp-content\/uploads\/2021\/07\/Boeger.jpg\" alt=\"\" class=\"wp-image-213\" srcset=\"https:\/\/ejbypasningsordning.dk\/wp-content\/uploads\/2021\/07\/Boeger.jpg 704w, https:\/\/ejbypasningsordning.dk\/wp-content\/uploads\/2021\/07\/Boeger-300x201.jpg 300w\" sizes=\"auto, (max-width: 704px) 100vw, 704px\" \/><\/figure>\n<\/div>\n<\/div>\n\n\n\n<p><\/p>\n","protected":false},"excerpt":{"rendered":"<p>B\u00f8rnene kommer som hovedregel mellem kl. 6.45 og kl. 9, og for dem der kommer inden kl. 8 er der &hellip; <a href=\"https:\/\/ejbypasningsordning.dk\/index.php\/hverdagen\/\" class=\"more-link\"><span class=\"more-button\">Continue Reading<span class=\"screen-reader-text\">Hverdagen<\/span><\/span><\/a><\/p>\n","protected":false},"author":1,"featured_media":0,"parent":0,"menu_order":0,"comment_status":"closed","ping_status":"closed","template":"","meta":{"footnotes":""},"class_list":["post-101","page","type-page","status-publish","hentry"],"_links":{"self":[{"href":"https:\/\/ejbypasningsordning.dk\/index.php\/wp-json\/wp\/v2\/pages\/101","targetHints":{"allow":["GET"]}}],"collection":[{"href":"https:\/\/ejbypasningsordning.dk\/index.php\/wp-json\/wp\/v2\/pages"}],"about":[{"href":"https:\/\/ejbypasningsordning.dk\/index.php\/wp-json\/wp\/v2\/types\/page"}],"author":[{"embeddable":true,"href":"https:\/\/ejbypasningsordning.dk\/index.php\/wp-json\/wp\/v2\/users\/1"}],"replies":[{"embeddable":true,"href":"https:\/\/ejbypasningsordning.dk\/index.php\/wp-json\/wp\/v2\/comments?post=101"}],"version-history":[{"count":11,"href":"https:\/\/ejbypasningsordning.dk\/index.php\/wp-json\/wp\/v2\/pages\/101\/revisions"}],"predecessor-version":[{"id":373,"href":"https:\/\/ejbypasningsordning.dk\/index.php\/wp-json\/wp\/v2\/pages\/101\/revisions\/373"}],"wp:attachment":[{"href":"https:\/\/ejbypasningsordning.dk\/index.php\/wp-json\/wp\/v2\/media?parent=101"}],"curies":[{"name":"wp","href":"https:\/\/api.w.org\/{rel}","templated":true}]}}